{"id":5273,"date":"2018-05-25T16:55:12","date_gmt":"2018-05-25T14:55:12","guid":{"rendered":"https:\/\/intervalloibla.it\/cookie-policy\/"},"modified":"2018-05-25T16:57:13","modified_gmt":"2018-05-25T14:57:13","slug":"cookie-policy","status":"publish","type":"page","link":"https:\/\/intervalloibla.it\/es\/cookie-policy\/","title":{"rendered":"Cookie Policy"},"content":{"rendered":"<p class=\"p1\"><span class=\"s1\">Las cookies son peque\u00f1as cadenas de texto que un sitio env\u00eda al navegador de un usuario (como Internet Explorer, Mozilla Firefox o Google Chrome), que las almacena y las retransmite al mismo sitio despu\u00e9s de la misma visita del usuario.<\/span><\/p>\n<p class=\"p1\"><span class=\"s1\">El sitio intervalloibla.it utiliza cookies.<\/span><\/p>\n<p class=\"p1\"><span class=\"s1\">Las cookies enviadas desde el sitio se utilizan exclusivamente por razones t\u00e9cnicas, como permitir la autenticaci\u00f3n en \u00e1reas privadas o almacenar preferencias temporales del usuario.<\/span><\/p>\n<p class=\"p1\"><span class=\"s1\">Las cookies enviadas desde el sitio no se utilizan para las actividades de perfil de visitantes y no permiten la recopilaci\u00f3n de informaci\u00f3n personal sobre los usuarios.<\/span><\/p>\n<p class=\"p1\"><strong><span class=\"s1\">Cookies de terceros<\/span><\/strong><\/p>\n<p class=\"p1\"><span class=\"s1\">El sitio utiliza contenido de terceros (mediante t\u00e9cnicas de inclusi\u00f3n de recursos), por lo que es posible que otras cookies, tanto t\u00e9cnicas como de perfil de usuario, se puedan enviar a terceros en el usuario del terminal. Los proveedores del servicio son responsables de la informaci\u00f3n sobre el tratamiento y el consenso de uso. Aqu\u00ed se listan la lista de servicios utilizados y un enlace a la informaci\u00f3n relacionada con la privacidad y el uso de cookies desde sus servidores.<\/span><br \/>\n&#8211; Google (<a href=\"https:\/\/www.google.it\/intl\/it\/policies\/privacy\/\" target=\"_blank\" rel=\"noopener noreferrer\">Informaci\u00f3nes<\/a>)<\/p>\n<p class=\"p1\"><strong><span class=\"s1\">Rechazo de cookies a trav\u00e9s de la configuraci\u00f3n del terminal<\/span><\/strong><\/p>\n<p class=\"p1\"><span class=\"s1\">Es el derecho del usuario a visitar el sitio para rechazar total o parcialmente las cookies enviadas desde el portal y sitios de terceros, actuando sobre la configuraci\u00f3n disponible en el navegador. Para obtener instrucciones espec\u00edficas acerca de su navegador, consulte la ayuda proporcionada con el software o visite el sitio web del fabricante. La desactivaci\u00f3n de Cookies puede impedir que algunos servicios funcionen correctamente o el disfrute de alg\u00fan contenido.<\/span><\/p>\n","protected":false},"excerpt":{"rendered":"<p>Las cookies son peque\u00f1as cadenas de texto que un sitio env\u00eda al navegador de un usuario (como Internet Explorer, Mozilla <\/p>\n","protected":false},"author":1,"featured_media":0,"parent":0,"menu_order":0,"comment_status":"closed","ping_status":"closed","template":"","meta":[],"yoast_head":"<!-- This site is optimized with the Yoast SEO plugin v16.3 - https:\/\/yoast.com\/wordpress\/plugins\/seo\/ -->\n<title>Cookie Policy - Intervallo Ibla<\/title>\n<meta name=\"robots\" content=\"index, follow, max-snippet:-1, max-image-preview:large, max-video-preview:-1\" \/>\n<link rel=\"canonical\" href=\"https:\/\/intervalloibla.it\/es\/cookie-policy\/\" \/>\n<meta property=\"og:locale\" content=\"es_ES\" \/>\n<meta property=\"og:type\" content=\"article\" \/>\n<meta property=\"og:title\" content=\"Cookie Policy - Intervallo Ibla\" \/>\n<meta property=\"og:description\" content=\"Las cookies son peque\u00f1as cadenas de texto que un sitio env\u00eda al navegador de un usuario (como Internet Explorer, Mozilla\" \/>\n<meta property=\"og:url\" content=\"https:\/\/intervalloibla.it\/es\/cookie-policy\/\" \/>\n<meta property=\"og:site_name\" content=\"Intervallo Ibla\" \/>\n<meta property=\"article:modified_time\" content=\"2018-05-25T14:57:13+00:00\" \/>\n<meta name=\"twitter:card\" content=\"summary\" \/>\n<meta name=\"twitter:label1\" content=\"Tiempo de lectura\">\n\t<meta name=\"twitter:data1\" content=\"1 minuto\">\n<script type=\"application\/ld+json\" class=\"yoast-schema-graph\">{\"@context\":\"https:\/\/schema.org\",\"@graph\":[{\"@type\":\"WebSite\",\"@id\":\"https:\/\/intervalloibla.it\/es\/#website\",\"url\":\"https:\/\/intervalloibla.it\/es\/\",\"name\":\"Intervallo Ibla\",\"description\":\"House - Art - View\",\"potentialAction\":[{\"@type\":\"SearchAction\",\"target\":\"https:\/\/intervalloibla.it\/es\/?s={search_term_string}\",\"query-input\":\"required name=search_term_string\"}],\"inLanguage\":\"es\"},{\"@type\":\"WebPage\",\"@id\":\"https:\/\/intervalloibla.it\/es\/cookie-policy\/#webpage\",\"url\":\"https:\/\/intervalloibla.it\/es\/cookie-policy\/\",\"name\":\"Cookie Policy - Intervallo Ibla\",\"isPartOf\":{\"@id\":\"https:\/\/intervalloibla.it\/es\/#website\"},\"datePublished\":\"2018-05-25T14:55:12+00:00\",\"dateModified\":\"2018-05-25T14:57:13+00:00\",\"breadcrumb\":{\"@id\":\"https:\/\/intervalloibla.it\/es\/cookie-policy\/#breadcrumb\"},\"inLanguage\":\"es\",\"potentialAction\":[{\"@type\":\"ReadAction\",\"target\":[\"https:\/\/intervalloibla.it\/es\/cookie-policy\/\"]}]},{\"@type\":\"BreadcrumbList\",\"@id\":\"https:\/\/intervalloibla.it\/es\/cookie-policy\/#breadcrumb\",\"itemListElement\":[{\"@type\":\"ListItem\",\"position\":1,\"item\":{\"@type\":\"WebPage\",\"@id\":\"https:\/\/intervalloibla.it\/es\/\",\"url\":\"https:\/\/intervalloibla.it\/es\/\",\"name\":\"Home\"}},{\"@type\":\"ListItem\",\"position\":2,\"item\":{\"@id\":\"https:\/\/intervalloibla.it\/es\/cookie-policy\/#webpage\"}}]}]}<\/script>\n<!-- \/ Yoast SEO plugin. -->","_links":{"self":[{"href":"https:\/\/intervalloibla.it\/es\/wp-json\/wp\/v2\/pages\/5273"}],"collection":[{"href":"https:\/\/intervalloibla.it\/es\/wp-json\/wp\/v2\/pages"}],"about":[{"href":"https:\/\/intervalloibla.it\/es\/wp-json\/wp\/v2\/types\/page"}],"author":[{"embeddable":true,"href":"https:\/\/intervalloibla.it\/es\/wp-json\/wp\/v2\/users\/1"}],"replies":[{"embeddable":true,"href":"https:\/\/intervalloibla.it\/es\/wp-json\/wp\/v2\/comments?post=5273"}],"version-history":[{"count":0,"href":"https:\/\/intervalloibla.it\/es\/wp-json\/wp\/v2\/pages\/5273\/revisions"}],"wp:attachment":[{"href":"https:\/\/intervalloibla.it\/es\/wp-json\/wp\/v2\/media?parent=5273"}],"curies":[{"name":"wp","href":"https:\/\/api.w.org\/{rel}","templated":true}]}}