{"id":4447,"date":"2017-10-04T14:41:46","date_gmt":"2017-10-04T12:41:46","guid":{"rendered":"https:\/\/intervalloibla.it\/tarjeta-de-servicios-turisticos-y-de-viajes\/"},"modified":"2017-10-04T14:58:07","modified_gmt":"2017-10-04T12:58:07","slug":"tarjeta-de-servicios-turisticos-y-de-viajes","status":"publish","type":"page","link":"https:\/\/intervalloibla.it\/es\/tarjeta-de-servicios-turisticos-y-de-viajes\/","title":{"rendered":"Tarjeta de Servicios Tur\u00edsticos y de Viajes"},"content":{"rendered":"<p>Los est\u00e1ndares descritos en nuestra \u00abTarjeta de Turismo y Alojamiento\u00bb definen los requisitos cualitativos, ambientales, de seguridad y higiene que deben ser implementados y respetados para dar valor y calificar nuestro negocio en el territorio. Trabajamos para mejorar nosotros mismos y satisfacer todas sus necesidades.<\/p>\n<p><strong>1. COMPROMISO DE LA DIRECCI\u00d2N<\/strong><br \/>\nNuestra casa de hu\u00e9spedes, con el objetivo de perseguir la satisfacci\u00f3n de todos los hu\u00e9spedes, ha decidido:<br \/>\n\u2022 hacer p\u00fablico el nivel de servicio que se a prometido a implementar y mejorar con el tiempo;<br \/>\n\u2022 cumplir con los requisitos de la normativa vigente y la clasificaci\u00f3n de los hoteles;<br \/>\n\u2022 promover la valorizaci\u00f3n del territorio en el que opera;<br \/>\n\u2022 cuidar el medio ambiente minimizando el impacto de las actividades y fomentando el turismo eco-sostenible.<\/p>\n<p><strong>2.  BIENVENIDOS Y HOSPITALIDAD<\/strong><br \/>\n Los hu\u00e9spedes que deseen alojarse en el hotel podr\u00e1n realizar el registro de entrada desde las 2:00 pm hasta las 11:30 pm. Los siguientes cargos determinados por el hotel son obligatorios y deben pagarse directamente en el hotel en el momento del check-in o del check-out. Si llegas antes de la hora establecida, intentaremos hacer tu espera lo m\u00e1s c\u00f3moda posible poniendo a tu disposici\u00f3n una sala de almacenamiento de equipaje para que puedas comenzar inmediatamente a visitar el pa\u00ecs antiguo de Ragusa Ibla.<br \/>\nCerca de la propiedad hay un aparcamiento p\u00fablico, iluminado incluso por la noche, con un n\u00famero adecuado de plazas de aparcamiento, all\u00ed pueden dejar su veh\u00edculo c\u00f3modamente. Nuestro desayuno casero se sirve cada ma\u00f1ana en el \u00e1rea com\u00fan de 8:00 am hasta las 10:00 am. Check-out es a las 11 de la ma\u00f1ana del d\u00eda de salida. Puede realizar el pago directamente en nuestras instalaciones con el m\u00e9todo que considere m\u00e1s apropiado: tarjeta de cr\u00e9dito o efectivo.<\/p>\n<p><strong>3. MODOS DE RESERVA<\/strong><br \/>\nCualquier persona que solicite informaci\u00f3n por correo electr\u00f3nico sobre la casa de hu\u00e9spedes, ofertas promocionales o paquetes de vacaciones ser\u00e1 contactado en un plazo de 24 horas. Todas las solicitudes de tel\u00e9fono ser\u00e1n respondidas por nuestro personal que ser\u00e1 cort\u00e9s y claro a ilustrar nuestros servicios. Adem\u00e1s, el personal habla con fluidez italiano, ingl\u00e9s, franc\u00e9s y espa\u00f1ol.<\/p>\n<p><strong>4.  PRIVACIDAD <\/strong><br \/>\n Los datos de los hu\u00e9spedes y todas las informaci\u00f3nes solicitada ser\u00e1n tratados de acuerdo con la pol\u00edtica de privacidad actual y no ser\u00e1n, por cualquier raz\u00f3n, dados a terceros.<\/p>\n<p><strong>5. LIMPIEZA, MANTENIMIENTO Y CONTROL DE HABITACIONES<\/strong><br \/>\nTodas nuestras habitaciones cumplen con los requisitos y est\u00e1ndares de una casa de hu\u00e9spedes de tres estrellas. Todas est\u00e1n equipadas con los servicios que har\u00e1n su estancia agradable: ba\u00f1o privado, Wi-Fi gratuito, aire acondicionado, balc\u00f3n, gel de ducha, champ\u00fa, jab\u00f3n de manos, secador de pelo, toallas, TV por cable \/ sat\u00e9lite, minibar y caja fuerte.<br \/>\nReorganizaci\u00f3n de la habitaci\u00f3n y cambio de toallas se realizan todos los d\u00edas de 10:00 am hasta las 12:00 pm. Para estancias prolongadas, la limpieza completa de la habitaci\u00f3n y el cambio de ropa se llevar\u00e1 a cabo cada 4 d\u00edas.<br \/>\nEl personal, para garantizar el funcionamiento perfecto durante su estancia, comprueba todos los servicios de habitaci\u00f3n. Cualquier desperfecto o rotura informado por los hu\u00e9spedes o nuestro personal interno se resolver\u00e0 lo antes posible.<br \/>\nPara su seguridad, hacemos inspecciones peri\u00f3dicas para evitar ineficiencias y malfuncionamientos. En cada habitaci\u00f3n, adem\u00e1s del kit de cortes\u00eda habitual, encontrar\u00e1 una carpeta con el men\u00fa Mini-bar, la lista de accesorios, las regulaci\u00f3nes, la tarjeta de solicitud de intervenci\u00f3n t\u00e9cnica, la tarjeta de \u00abno molestar\u00bb, la Wi-Fi y las instrucciones de seguridad , y un cuestionario de satisfacci\u00f3n, donde usted puede encontrar un espacio especial donde pueden darnos sugerencias o informar cualquier problema que encontr\u00f3 durante su estancia.<\/p>\n<p><strong>6. ORIENTACI\u00d3N ECOL\u00d3GICA<\/strong><br \/>\nNuestra instalaci\u00f3n promueve el turismo eco-sostenible. En cada ba\u00f1o privado encontrar\u00e1 las toallas necesarias para su estancia. Para reducir el impacto medioambiental de nuestras actividades, le pedimos que deje en el terreno s\u00f3lo aquellos que desea ser reemplazado. Los dem\u00e1s se dejar\u00e1n para uso posterior. De esta manera, queremos evitar el desperdicio innecesario de agua y electricidad y limitar el uso de detergentes. Tambi\u00e9n hemos decidido utilizar dispensadores para jab\u00f3n l\u00edquido y gel de ducha. Adem\u00e1s, s\u00f3lo usamos l\u00e1mparas LED de baja potencia. Finalmente, recordamos que en las \u00e1reas comunes hemos instalado todas las cestas de basura necesarias para el reciclaje.<\/p>\n<p><strong>7. PROMOCI\u00d3N DEL TERRITORIO<\/strong><br \/>\nEn la recepci\u00f3n, nuestro personal le proporcionar\u00e1 todas las informaci\u00f3nes que necesita saber sobre nuestro territorio. Le mostraremos los mejores itinerarios para descubrir el pa\u00ecs antiguo de Ragusa Ibla. Tambi\u00e9n proporcionaremos informaci\u00f3nes adicional sobre cualquier cambio de transporte p\u00fablico o privado. Estaremos encantados de darle todas las indicaciones sobre los senderos naturalistas, alimentarios y culturales de Val di Noto.<\/p>\n","protected":false},"excerpt":{"rendered":"<p>Los est\u00e1ndares descritos en nuestra \u00abTarjeta de Turismo y Alojamiento\u00bb definen los requisitos cualitativos, ambientales, de seguridad y higiene que <\/p>\n","protected":false},"author":1,"featured_media":0,"parent":0,"menu_order":0,"comment_status":"closed","ping_status":"closed","template":"","meta":[],"yoast_head":"<!-- This site is optimized with the Yoast SEO plugin v16.3 - https:\/\/yoast.com\/wordpress\/plugins\/seo\/ -->\n<title>Tarjeta de Servicios Tur\u00edsticos y de Viajes - Intervallo - Ragusa Ibla<\/title>\n<meta name=\"description\" content=\"Acogida, hospitalidad, turismo eco-sostenible y promoci\u00f3n del territorio. Nuestra Tarjeta de Servicios Tur\u00edsticos y de Viajes.\" \/>\n<meta name=\"robots\" content=\"index, follow, max-snippet:-1, max-image-preview:large, max-video-preview:-1\" \/>\n<link rel=\"canonical\" href=\"https:\/\/intervalloibla.it\/es\/tarjeta-de-servicios-turisticos-y-de-viajes\/\" \/>\n<meta property=\"og:locale\" content=\"es_ES\" \/>\n<meta property=\"og:type\" content=\"article\" \/>\n<meta property=\"og:title\" content=\"Tarjeta de Servicios Tur\u00edsticos y de Viajes - Intervallo - Ragusa Ibla\" \/>\n<meta property=\"og:description\" content=\"Acogida, hospitalidad, turismo eco-sostenible y promoci\u00f3n del territorio. Nuestra Tarjeta de Servicios Tur\u00edsticos y de Viajes.\" \/>\n<meta property=\"og:url\" content=\"https:\/\/intervalloibla.it\/es\/tarjeta-de-servicios-turisticos-y-de-viajes\/\" \/>\n<meta property=\"og:site_name\" content=\"Intervallo Ibla\" \/>\n<meta property=\"article:modified_time\" content=\"2017-10-04T12:58:07+00:00\" \/>\n<meta name=\"twitter:card\" content=\"summary\" \/>\n<meta name=\"twitter:label1\" content=\"Tiempo de lectura\">\n\t<meta name=\"twitter:data1\" content=\"4 minutos\">\n<script type=\"application\/ld+json\" class=\"yoast-schema-graph\">{\"@context\":\"https:\/\/schema.org\",\"@graph\":[{\"@type\":\"WebSite\",\"@id\":\"https:\/\/intervalloibla.it\/es\/#website\",\"url\":\"https:\/\/intervalloibla.it\/es\/\",\"name\":\"Intervallo Ibla\",\"description\":\"House - Art - View\",\"potentialAction\":[{\"@type\":\"SearchAction\",\"target\":\"https:\/\/intervalloibla.it\/es\/?s={search_term_string}\",\"query-input\":\"required name=search_term_string\"}],\"inLanguage\":\"es\"},{\"@type\":\"WebPage\",\"@id\":\"https:\/\/intervalloibla.it\/es\/tarjeta-de-servicios-turisticos-y-de-viajes\/#webpage\",\"url\":\"https:\/\/intervalloibla.it\/es\/tarjeta-de-servicios-turisticos-y-de-viajes\/\",\"name\":\"Tarjeta de Servicios Tur\\u00edsticos y de Viajes - Intervallo - Ragusa Ibla\",\"isPartOf\":{\"@id\":\"https:\/\/intervalloibla.it\/es\/#website\"},\"datePublished\":\"2017-10-04T12:41:46+00:00\",\"dateModified\":\"2017-10-04T12:58:07+00:00\",\"description\":\"Acogida, hospitalidad, turismo eco-sostenible y promoci\\u00f3n del territorio. Nuestra Tarjeta de Servicios Tur\\u00edsticos y de Viajes.\",\"breadcrumb\":{\"@id\":\"https:\/\/intervalloibla.it\/es\/tarjeta-de-servicios-turisticos-y-de-viajes\/#breadcrumb\"},\"inLanguage\":\"es\",\"potentialAction\":[{\"@type\":\"ReadAction\",\"target\":[\"https:\/\/intervalloibla.it\/es\/tarjeta-de-servicios-turisticos-y-de-viajes\/\"]}]},{\"@type\":\"BreadcrumbList\",\"@id\":\"https:\/\/intervalloibla.it\/es\/tarjeta-de-servicios-turisticos-y-de-viajes\/#breadcrumb\",\"itemListElement\":[{\"@type\":\"ListItem\",\"position\":1,\"item\":{\"@type\":\"WebPage\",\"@id\":\"https:\/\/intervalloibla.it\/es\/\",\"url\":\"https:\/\/intervalloibla.it\/es\/\",\"name\":\"Home\"}},{\"@type\":\"ListItem\",\"position\":2,\"item\":{\"@id\":\"https:\/\/intervalloibla.it\/es\/tarjeta-de-servicios-turisticos-y-de-viajes\/#webpage\"}}]}]}<\/script>\n<!-- \/ Yoast SEO plugin. -->","_links":{"self":[{"href":"https:\/\/intervalloibla.it\/es\/wp-json\/wp\/v2\/pages\/4447"}],"collection":[{"href":"https:\/\/intervalloibla.it\/es\/wp-json\/wp\/v2\/pages"}],"about":[{"href":"https:\/\/intervalloibla.it\/es\/wp-json\/wp\/v2\/types\/page"}],"author":[{"embeddable":true,"href":"https:\/\/intervalloibla.it\/es\/wp-json\/wp\/v2\/users\/1"}],"replies":[{"embeddable":true,"href":"https:\/\/intervalloibla.it\/es\/wp-json\/wp\/v2\/comments?post=4447"}],"version-history":[{"count":0,"href":"https:\/\/intervalloibla.it\/es\/wp-json\/wp\/v2\/pages\/4447\/revisions"}],"wp:attachment":[{"href":"https:\/\/intervalloibla.it\/es\/wp-json\/wp\/v2\/media?parent=4447"}],"curies":[{"name":"wp","href":"https:\/\/api.w.org\/{rel}","templated":true}]}}