{"id":4360,"date":"2015-07-06T08:33:48","date_gmt":"2015-07-06T08:33:48","guid":{"rendered":"https:\/\/intervalloibla.it\/contatti\/"},"modified":"2019-07-14T16:59:37","modified_gmt":"2019-07-14T14:59:37","slug":"contactos","status":"publish","type":"page","link":"https:\/\/intervalloibla.it\/es\/contactos\/","title":{"rendered":"Contactos"},"content":{"rendered":"<div id=\"pl-4360\"  class=\"panel-layout\" ><div id=\"pg-4360-0\"  class=\"panel-grid panel-has-style\" ><div class=\"siteorigin-panels-stretch thim-fix-stretched panel-row-style panel-row-style-for-4360-0\" data-stretch-type=\"full-stretched\" ><div id=\"pgc-4360-0-0\"  class=\"panel-grid-cell\" ><div id=\"panel-4360-0-0-0\" class=\"so-panel widget widget_black-studio-tinymce widget_black_studio_tinymce panel-first-child panel-last-child\" data-index=\"0\" ><div class=\"textwidget\"><p><iframe src=\"https:\/\/www.google.com\/maps\/embed?pb=!1m14!1m8!1m3!1d12757.971430503976!2d14.7363172!3d36.9263882!3m2!1i1024!2i768!4f13.1!3m3!1m2!1s0x0%3A0xdea17a75a5e03cc0!2sIntervallo+-+House+Art+View!5e0!3m2!1sit!2sit!4v1532448040048\" width=\"1600\" height=\"450\" frameborder=\"0\" style=\"border:0\" allowfullscreen><\/iframe><\/p>\n<\/div><\/div><\/div><\/div><\/div><div id=\"pg-4360-1\"  class=\"panel-grid panel-no-style\" ><div id=\"pgc-4360-1-0\"  class=\"panel-grid-cell\" ><div id=\"panel-4360-1-0-0\" class=\"so-panel widget widget_icon-box panel-first-child\" data-index=\"1\" ><div class=\"panel-widget-style panel-widget-style-for-4360-1-0-0\" ><div class=\"thim-widget-icon-box thim-widget-icon-box-base\"><div class=\"inner-box \"><div  class=\"wrapper-box-icon text-center   wrapper-line-heading\" ><div class=\"smicon-box iconbox-top\"><div class=\"content-inner\" ><div class=\"sc-heading article_heading\"><h2 class = \"heading__primary\" >Donde estamos<\/h2><span class=\"line-heading\"><span><\/span><\/span><\/div><div class=\"desc-icon-box\"><div >Entre callejones sugestivos, vistas inesperadas, palacios antiguos <\/br>e iglesias barrocas. <\/br><\/div><\/div><\/div><\/div><!--end smicon-box--><\/div><\/div><\/div><\/div><\/div><div id=\"panel-4360-1-0-1\" class=\"so-panel widget widget_icon-box\" data-index=\"2\" ><div class=\"panel-widget-style panel-widget-style-for-4360-1-0-1\" ><div class=\"thim-widget-icon-box thim-widget-icon-box-base\"><div class=\"inner-box \"><div  class=\"wrapper-box-icon text-center  \" ><div class=\"smicon-box iconbox-top\"><div class=\"boxes-icon\" style=\"width: 50px;height: 50px;\"><span class=\"inner-icon\"><span class=\"icon\"><i class=\"fa fa-map-marker\" style=\"color:#85aeaf; font-size:20px; line-height:20px; vertical-align: middle;\"><\/i><\/span><\/span><\/div><div class=\"content-inner\" ><div class=\"desc-icon-box\"><div >Via Scale, 31 <\/br>\n97100 Ragusa <\/div><\/div><\/div><\/div><!--end smicon-box--><\/div><\/div><\/div><\/div><\/div><div id=\"panel-4360-1-0-2\" class=\"so-panel widget widget_icon-box\" data-index=\"3\" ><div class=\"panel-widget-style panel-widget-style-for-4360-1-0-2\" ><div class=\"thim-widget-icon-box thim-widget-icon-box-base\"><div class=\"inner-box \"><div  class=\"wrapper-box-icon text-center  \" ><div class=\"smicon-box iconbox-top\"><div class=\"boxes-icon\" style=\"width: 50px;height: 50px;\"><span class=\"inner-icon\"><span class=\"icon\"><i class=\"fa fa-clock-o\" style=\"color:#85aeaf; font-size:20px; line-height:20px; vertical-align: middle;\"><\/i><\/span><\/span><\/div><div class=\"content-inner\" ><div class=\"desc-icon-box\"><div >Lunes-Domingo <br \/>\nCheck-in  02:00 pm - 11:30 pm<br \/>\nCheck-out 08:00 am - 11:00 am<br \/>\n<br \/>\nTel. <b>+39 371 387 4527<\/b><br \/>\ne-mail <b>info@intervalloibla.it<\/b><\/div><\/div><\/div><\/div><!--end smicon-box--><\/div><\/div><\/div><\/div><\/div><div id=\"panel-4360-1-0-3\" class=\"so-panel widget widget_social panel-last-child\" data-index=\"4\" ><div class=\"text-center panel-widget-style panel-widget-style-for-4360-1-0-3\" ><div class=\"thim-widget-social thim-widget-social-base\"><div class=\"thim-social version-old\">\n\t\t<ul class=\"social_link\">\n\t\t<li><a class=\"face hasTooltip\"  href=\"https:\/\/www.facebook.com\/Intervallo-House-Art-View-1902392556670035\/\" target=\"_self\"><i class=\"fa fa-facebook\"><\/i><\/a><\/li><li><a class=\"instagram hasTooltip\"  href=\"https:\/\/www.instagram.com\/intervalloibla\/\" target=\"_self\" ><i class=\"fa fa-instagram\"><\/i><\/a><\/li>\t<\/ul>\n<\/div><\/div><\/div><\/div><\/div><div id=\"pgc-4360-1-1\"  class=\"panel-grid-cell\" ><div id=\"panel-4360-1-1-0\" class=\"so-panel widget widget_icon-box panel-first-child\" data-index=\"5\" ><div class=\"thim-widget-icon-box thim-widget-icon-box-base\"><div class=\"inner-box \"><div  class=\"wrapper-box-icon text-center   wrapper-line-heading\" ><div class=\"smicon-box iconbox-top\"><div class=\"content-inner\" ><div class=\"sc-heading article_heading\"><h2 class = \"heading__primary\" >Enviar un mensaje<\/h2><span class=\"line-heading\"><span><\/span><\/span><\/div><div class=\"desc-icon-box\"><div >\u00bfTienes una pregunta para nosotros? \u00bfQuiere informaci\u00f3n \u00fatil para su estancia? No dude en ponerse en contacto con nosotros. \n<\/div><\/div><\/div><\/div><!--end smicon-box--><\/div><\/div><\/div><\/div><div id=\"panel-4360-1-1-1\" class=\"so-panel widget widget_sow-editor panel-last-child\" data-index=\"6\" ><div class=\"so-widget-sow-editor so-widget-sow-editor-base\">\n<div class=\"siteorigin-widget-tinymce textwidget\">\n\t<div role=\"form\" class=\"wpcf7\" id=\"wpcf7-f4372-o1\" lang=\"en-US\" dir=\"ltr\">\n<div class=\"screen-reader-response\"><p role=\"status\" aria-live=\"polite\" aria-atomic=\"true\"><\/p> <ul><\/ul><\/div>\n<form action=\"\/es\/wp-json\/wp\/v2\/pages\/4360#wpcf7-f4372-o1\" method=\"post\" class=\"wpcf7-form init\" novalidate=\"novalidate\" data-status=\"init\">\n<div style=\"display: none;\">\n<input type=\"hidden\" name=\"_wpcf7\" value=\"4372\" \/>\n<input type=\"hidden\" name=\"_wpcf7_version\" value=\"5.4.1\" \/>\n<input type=\"hidden\" name=\"_wpcf7_locale\" value=\"en_US\" \/>\n<input type=\"hidden\" name=\"_wpcf7_unit_tag\" value=\"wpcf7-f4372-o1\" \/>\n<input type=\"hidden\" name=\"_wpcf7_container_post\" value=\"0\" \/>\n<input type=\"hidden\" name=\"_wpcf7_posted_data_hash\" value=\"\" \/>\n<\/div>\n<div class=\"row\">\n<div class=\"col-sm-6\"><span class=\"wpcf7-form-control-wrap your-name\"><input type=\"text\" name=\"your-name\" value=\"\" size=\"40\" class=\"wpcf7-form-control wpcf7-text wpcf7-validates-as-required\" aria-required=\"true\" aria-invalid=\"false\" placeholder=\"Nombre y Apellidos\" \/><\/span><\/div>\n<div class=\"col-sm-6\"><span class=\"wpcf7-form-control-wrap your-email\"><input type=\"email\" name=\"your-email\" value=\"\" size=\"40\" class=\"wpcf7-form-control wpcf7-text wpcf7-email wpcf7-validates-as-required wpcf7-validates-as-email\" aria-required=\"true\" aria-invalid=\"false\" placeholder=\"Email\" \/><\/span><\/div>\n<\/div>\n<div class=\"row\">\n<div class=\"col-sm-12\"><span class=\"wpcf7-form-control-wrap telefono\"><input type=\"tel\" name=\"telefono\" value=\"\" size=\"40\" class=\"wpcf7-form-control wpcf7-text wpcf7-tel wpcf7-validates-as-required wpcf7-validates-as-tel\" aria-required=\"true\" aria-invalid=\"false\" placeholder=\"Tel\u00e8fono\" \/><\/span><\/div>\n<\/div>\n<div class=\"row\">\n<div class=\"col-sm-12\"><span class=\"wpcf7-form-control-wrap your-subject\"><input type=\"text\" name=\"your-subject\" value=\"\" size=\"40\" class=\"wpcf7-form-control wpcf7-text wpcf7-validates-as-required\" aria-required=\"true\" aria-invalid=\"false\" placeholder=\"Asunto\" \/><\/span><\/div>\n<\/div>\n<div class=\"row\">\n<div class=\"col-sm-12\"><span class=\"wpcf7-form-control-wrap your-message\"><textarea name=\"your-message\" cols=\"40\" rows=\"10\" class=\"wpcf7-form-control wpcf7-textarea wpcf7-validates-as-required\" aria-required=\"true\" aria-invalid=\"false\" placeholder=\"Su Mensaje\"><\/textarea><\/span><\/div>\n<\/div>\n<p><input type=\"submit\" value=\"Enviar Mensaje\" class=\"wpcf7-form-control wpcf7-submit\" \/><\/p>\n<input type='hidden' class='wpcf7-pum' value='{\"closepopup\":false,\"closedelay\":0,\"openpopup\":false,\"openpopup_id\":0}' \/><div class=\"wpcf7-response-output\" aria-hidden=\"true\"><\/div><\/form><\/div>\n<\/div>\n<\/div><\/div><\/div><\/div><\/div>","protected":false},"excerpt":{"rendered":"<p>\nDonde estamosEntre callejones sugestivos, vistas inesperadas, palacios antiguos e iglesias barrocas. Via Scale, 31 <br \/>\n97100 Ragusa Lunes-Domingo <br \n<\/p>\n","protected":false},"author":1,"featured_media":4365,"parent":0,"menu_order":0,"comment_status":"closed","ping_status":"open","template":"page-templates\/homepage.php","meta":[],"yoast_head":"<!-- This site is optimized with the Yoast SEO plugin v16.3 - https:\/\/yoast.com\/wordpress\/plugins\/seo\/ -->\n<title>Contactos - Intervallo - Casa de Hu\u00e9spedes - Ragusa Ibla<\/title>\n<meta name=\"description\" content=\"\u00bfQuiere informaci\u00f3n \u00fatil para su estancia? No dude en ponerse en contacto con nosotros tel. +39 371 387 4527 - Intervallo est\u00e1 ubicado en Ragusa Ibla.\" \/>\n<meta name=\"robots\" content=\"index, follow, max-snippet:-1, max-image-preview:large, max-video-preview:-1\" \/>\n<link rel=\"canonical\" href=\"https:\/\/intervalloibla.it\/es\/contactos\/\" \/>\n<meta property=\"og:locale\" content=\"es_ES\" \/>\n<meta property=\"og:type\" content=\"article\" \/>\n<meta property=\"og:title\" content=\"Contactos - Intervallo - Casa de Hu\u00e9spedes - Ragusa Ibla\" \/>\n<meta property=\"og:description\" content=\"\u00bfQuiere informaci\u00f3n \u00fatil para su estancia? No dude en ponerse en contacto con nosotros tel. +39 371 387 4527 - Intervallo est\u00e1 ubicado en Ragusa Ibla.\" \/>\n<meta property=\"og:url\" content=\"https:\/\/intervalloibla.it\/es\/contactos\/\" \/>\n<meta property=\"og:site_name\" content=\"Intervallo Ibla\" \/>\n<meta property=\"article:modified_time\" content=\"2019-07-14T14:59:37+00:00\" \/>\n<meta property=\"og:image\" content=\"https:\/\/intervalloibla.it\/wp-content\/uploads\/2015\/07\/contatti.jpg\" \/>\n\t<meta property=\"og:image:width\" content=\"1772\" \/>\n\t<meta property=\"og:image:height\" content=\"1181\" \/>\n<meta name=\"twitter:card\" content=\"summary\" \/>\n<script type=\"application\/ld+json\" class=\"yoast-schema-graph\">{\"@context\":\"https:\/\/schema.org\",\"@graph\":[{\"@type\":\"WebSite\",\"@id\":\"https:\/\/intervalloibla.it\/es\/#website\",\"url\":\"https:\/\/intervalloibla.it\/es\/\",\"name\":\"Intervallo Ibla\",\"description\":\"House - Art - View\",\"potentialAction\":[{\"@type\":\"SearchAction\",\"target\":\"https:\/\/intervalloibla.it\/es\/?s={search_term_string}\",\"query-input\":\"required name=search_term_string\"}],\"inLanguage\":\"es\"},{\"@type\":\"ImageObject\",\"@id\":\"https:\/\/intervalloibla.it\/es\/contactos\/#primaryimage\",\"inLanguage\":\"es\",\"url\":\"https:\/\/intervalloibla.it\/wp-content\/uploads\/2015\/07\/contatti.jpg\",\"contentUrl\":\"https:\/\/intervalloibla.it\/wp-content\/uploads\/2015\/07\/contatti.jpg\",\"width\":1772,\"height\":1181},{\"@type\":\"WebPage\",\"@id\":\"https:\/\/intervalloibla.it\/es\/contactos\/#webpage\",\"url\":\"https:\/\/intervalloibla.it\/es\/contactos\/\",\"name\":\"Contactos - Intervallo - Casa de Hu\\u00e9spedes - Ragusa Ibla\",\"isPartOf\":{\"@id\":\"https:\/\/intervalloibla.it\/es\/#website\"},\"primaryImageOfPage\":{\"@id\":\"https:\/\/intervalloibla.it\/es\/contactos\/#primaryimage\"},\"datePublished\":\"2015-07-06T08:33:48+00:00\",\"dateModified\":\"2019-07-14T14:59:37+00:00\",\"description\":\"\\u00bfQuiere informaci\\u00f3n \\u00fatil para su estancia? No dude en ponerse en contacto con nosotros tel. +39 371 387 4527 - Intervallo est\\u00e1 ubicado en Ragusa Ibla.\",\"breadcrumb\":{\"@id\":\"https:\/\/intervalloibla.it\/es\/contactos\/#breadcrumb\"},\"inLanguage\":\"es\",\"potentialAction\":[{\"@type\":\"ReadAction\",\"target\":[\"https:\/\/intervalloibla.it\/es\/contactos\/\"]}]},{\"@type\":\"BreadcrumbList\",\"@id\":\"https:\/\/intervalloibla.it\/es\/contactos\/#breadcrumb\",\"itemListElement\":[{\"@type\":\"ListItem\",\"position\":1,\"item\":{\"@type\":\"WebPage\",\"@id\":\"https:\/\/intervalloibla.it\/es\/\",\"url\":\"https:\/\/intervalloibla.it\/es\/\",\"name\":\"Home\"}},{\"@type\":\"ListItem\",\"position\":2,\"item\":{\"@id\":\"https:\/\/intervalloibla.it\/es\/contactos\/#webpage\"}}]}]}<\/script>\n<!-- \/ Yoast SEO plugin. -->","_links":{"self":[{"href":"https:\/\/intervalloibla.it\/es\/wp-json\/wp\/v2\/pages\/4360"}],"collection":[{"href":"https:\/\/intervalloibla.it\/es\/wp-json\/wp\/v2\/pages"}],"about":[{"href":"https:\/\/intervalloibla.it\/es\/wp-json\/wp\/v2\/types\/page"}],"author":[{"embeddable":true,"href":"https:\/\/intervalloibla.it\/es\/wp-json\/wp\/v2\/users\/1"}],"replies":[{"embeddable":true,"href":"https:\/\/intervalloibla.it\/es\/wp-json\/wp\/v2\/comments?post=4360"}],"version-history":[{"count":0,"href":"https:\/\/intervalloibla.it\/es\/wp-json\/wp\/v2\/pages\/4360\/revisions"}],"wp:featuredmedia":[{"embeddable":true,"href":"https:\/\/intervalloibla.it\/es\/wp-json\/wp\/v2\/media\/4365"}],"wp:attachment":[{"href":"https:\/\/intervalloibla.it\/es\/wp-json\/wp\/v2\/media?parent=4360"}],"curies":[{"name":"wp","href":"https:\/\/api.w.org\/{rel}","templated":true}]}}